{"id":9,"date":"2009-03-18T20:23:53","date_gmt":"2009-03-18T19:23:53","guid":{"rendered":"http:\/\/hasici-vavrovice.wz.cz\/www\/?page_id=9"},"modified":"2009-03-18T20:23:53","modified_gmt":"2009-03-18T19:23:53","slug":"sportovni-cinost","status":"publish","type":"page","link":"http:\/\/www.hasici.vavrovice.cz\/?page_id=9","title":{"rendered":"Sportovn\u00ed \u010dinost"},"content":{"rendered":"<p>V sou\u010dasn\u00e9 dob\u011b m\u00e1 n\u00e1\u0161 sbor \u010dty\u0159i sout\u011b\u017en\u00ed dru\u017estva o kter\u00fdch se do\u010dtete v pat\u0159i\u010dn\u00fdch podsekc\u00edch.<\/p>\n","protected":false},"excerpt":{"rendered":"<p>V sou\u010dasn\u00e9 dob\u011b m\u00e1 n\u00e1\u0161 sbor \u010dty\u0159i sout\u011b\u017en\u00ed dru\u017estva o kter\u00fdch se do\u010dtete v pat\u0159i\u010dn\u00fdch podsekc\u00edch.<\/p>\n","protected":false},"author":3,"featured_media":0,"parent":0,"menu_order":3,"comment_status":"closed","ping_status":"closed","template":"","meta":{"footnotes":""},"_links":{"self":[{"href":"http:\/\/www.hasici.vavrovice.cz\/index.php?rest_route=\/wp\/v2\/pages\/9"}],"collection":[{"href":"http:\/\/www.hasici.vavrovice.cz\/index.php?rest_route=\/wp\/v2\/pages"}],"about":[{"href":"http:\/\/www.hasici.vavrovice.cz\/index.php?rest_route=\/wp\/v2\/types\/page"}],"author":[{"embeddable":true,"href":"http:\/\/www.hasici.vavrovice.cz\/index.php?rest_route=\/wp\/v2\/users\/3"}],"replies":[{"embeddable":true,"href":"http:\/\/www.hasici.vavrovice.cz\/index.php?rest_route=%2Fwp%2Fv2%2Fcomments&post=9"}],"version-history":[{"count":0,"href":"http:\/\/www.hasici.vavrovice.cz\/index.php?rest_route=\/wp\/v2\/pages\/9\/revisions"}],"wp:attachment":[{"href":"http:\/\/www.hasici.vavrovice.cz\/index.php?rest_route=%2Fwp%2Fv2%2Fmedia&parent=9"}],"curies":[{"name":"wp","href":"https:\/\/api.w.org\/{rel}","templated":true}]}}