{"id":2768,"date":"2025-06-17T11:39:06","date_gmt":"2025-06-17T09:39:06","guid":{"rendered":"http:\/\/www.hasici.vavrovice.cz\/?page_id=2768"},"modified":"2025-06-17T11:39:06","modified_gmt":"2025-06-17T09:39:06","slug":"test","status":"publish","type":"page","link":"http:\/\/www.hasici.vavrovice.cz\/?page_id=2768","title":{"rendered":"test"},"content":{"rendered":"<p><!DOCTYPE html><br \/>\n<html lang=\"cs\"><br \/>\n<head><br \/>\n  <meta charset=\"UTF-8\"><br \/>\n  <title>V\u00fdsledky &#8211; \u017div\u011b<\/title><\/p>\n<style>\n    body {\n      background: #000;\n      margin: 0;\n    }\n    iframe {\n      width: 100vw;\n      height: 100vh;\n      border: none;\n    }\n  <\/style>\n<p><\/head><br \/>\n<body><br \/>\n  <iframe src=\"https:\/\/docs.google.com\/spreadsheets\/d\/1MCebh2N-MDEBwuDZ5h4Z5FpUlZzyT2qLe6rEuqql6DA\/edit?usp=sharing\"><\/iframe><br \/>\n<\/body><br \/>\n<\/html><\/p>\n","protected":false},"excerpt":{"rendered":"<p>V\u00fdsledky &#8211; \u017div\u011b<\/p>\n","protected":false},"author":3,"featured_media":0,"parent":0,"menu_order":0,"comment_status":"closed","ping_status":"closed","template":"","meta":{"footnotes":""},"_links":{"self":[{"href":"http:\/\/www.hasici.vavrovice.cz\/index.php?rest_route=\/wp\/v2\/pages\/2768"}],"collection":[{"href":"http:\/\/www.hasici.vavrovice.cz\/index.php?rest_route=\/wp\/v2\/pages"}],"about":[{"href":"http:\/\/www.hasici.vavrovice.cz\/index.php?rest_route=\/wp\/v2\/types\/page"}],"author":[{"embeddable":true,"href":"http:\/\/www.hasici.vavrovice.cz\/index.php?rest_route=\/wp\/v2\/users\/3"}],"replies":[{"embeddable":true,"href":"http:\/\/www.hasici.vavrovice.cz\/index.php?rest_route=%2Fwp%2Fv2%2Fcomments&post=2768"}],"version-history":[{"count":8,"href":"http:\/\/www.hasici.vavrovice.cz\/index.php?rest_route=\/wp\/v2\/pages\/2768\/revisions"}],"predecessor-version":[{"id":2776,"href":"http:\/\/www.hasici.vavrovice.cz\/index.php?rest_route=\/wp\/v2\/pages\/2768\/revisions\/2776"}],"wp:attachment":[{"href":"http:\/\/www.hasici.vavrovice.cz\/index.php?rest_route=%2Fwp%2Fv2%2Fmedia&parent=2768"}],"curies":[{"name":"wp","href":"https:\/\/api.w.org\/{rel}","templated":true}]}}