{"id":18,"date":"2009-03-18T20:34:11","date_gmt":"2009-03-18T19:34:11","guid":{"rendered":"http:\/\/hasici-vavrovice.wz.cz\/www\/?page_id=18"},"modified":"2016-03-08T17:16:19","modified_gmt":"2016-03-08T16:16:19","slug":"clenska-zakladna","status":"publish","type":"page","link":"http:\/\/www.hasici.vavrovice.cz\/?page_id=18","title":{"rendered":"\u010clensk\u00e1 z\u00e1kladna"},"content":{"rendered":"<p style=\"text-align: center;\"><strong>Starosta:<\/strong> Old\u0159ich Romfeld,<\/p>\n<p style=\"text-align: center;\"><strong>M\u00edstostarosta:<\/strong> Koren\u00edk Ji\u0159\u00ed<\/p>\n<p style=\"text-align: center;\"><strong>Velitel sboru:<\/strong> Bartusek Marek<\/p>\n<p style=\"text-align: center;\"><strong>Pokladn\u00edk:<\/strong> Maiwald Pavel<\/p>\n<p style=\"text-align: center;\"><strong>Vedouc\u00ed ml\u00e1de\u017ee:<\/strong> Chryczykov\u00e1 Anna<\/p>\n<p style=\"text-align: center;\"><strong>V\u00fdbor SDH:<\/strong> Koren\u00edk Ji\u0159\u00ed, Magrla Petr, Andrea Maiwaldov\u00e1, Pavel Maiwald,<\/p>\n<p style=\"text-align: center;\">Chryczykov\u00e1 Anna, Grygarov\u00e1 Vladim\u00edra, Svoboda Zden\u011bk, Stoni\u0161 Eduard, Stoni\u0161 Zden\u011bk<\/p>\n<p style=\"text-align: center;\">Sedl\u00e1\u010dek Jan, \u0160tencek Adolf, Trojanov\u00e1 Michaela, Vavrla Martin<\/p>\n<p style=\"text-align: center;\"><strong>\u010clenov\u00e9:\u00a0<\/strong><\/p>\n<p style=\"text-align: center;\">Blaga Bohumil<br \/>\nBla\u0161\u010d\u00edk Franti\u0161ek<br \/>\nBla\u0161\u010d\u00edk Jarom\u00edr<br \/>\n\u010cepila Vladim\u00edr<br \/>\nDemele Miroslav<br \/>\nGan\u010da\u0159 Miroslav<br \/>\nKo\u0159istka Alois<br \/>\nMagrla Petr<br \/>\nPracha\u0159 Jaroslav<br \/>\nRomfeld Old\u0159ich<br \/>\nStoni\u0161 Eduard<br \/>\nStoni\u0161 Zden\u011bk<br \/>\nSvoboda Vlastimil<br \/>\n\u0160indler Ji\u0159\u00ed<br \/>\nStencek Adolf<br \/>\n\u0160najder Franti\u0161ek<br \/>\nZalibor Ferdinand<br \/>\nBlagov\u00e1 Zde\u0148ka<br \/>\n\u010cepilov\u00e1 Eva<br \/>\n\u010cerninov\u00e1 Jana<br \/>\nDemelov\u00e1 R\u016f\u017eena<br \/>\nFri\u010dov\u00e1 Jarmila<br \/>\nPracha\u0159ov\u00e1 Marie<br \/>\nPruskov\u00e1 Marta<br \/>\nSolnick\u00e1 Jaroslava<br \/>\n\u0160najder Hynek<br \/>\nVavrla Martin<br \/>\nZalibor Martin<br \/>\nBartusek Marek<br \/>\nMagrlov\u00e1 Marcela<br \/>\nSedl\u00e1\u010dek Jan<br \/>\nSvoboda Zden\u011bk<br \/>\nBla\u0161\u010d\u00edk Franti\u0161ek<br \/>\nChryczykov\u00e1 Anna<br \/>\nJedli\u010dka Jan<br \/>\nPracha\u0159 Tom\u00e1\u0161<br \/>\nChryczykov\u00e1 Kv\u011bta<br \/>\n\u010cerm\u00e1k Tom\u00e1\u0161<br \/>\nLichovn\u00edk Roman<br \/>\nSvobodov\u00e1 Petra<br \/>\nKoren\u00edk Ji\u0159\u00ed<br \/>\nKr\u010dma\u0159\u00edk P\u0159emysl<br \/>\nGrygarov\u00e1 Vladim\u00edra<br \/>\nGilligov\u00e1 Zuzana<br \/>\nChryczykov\u00e1 Anna<br \/>\nBartuskov\u00e1 Andrea<br \/>\nGattnerov\u00e1 Eva<br \/>\nTrojanov\u00e1 Michaela<br \/>\nTrojanov\u00e1 Daniela<br \/>\nChryczyk Jan<br \/>\nMaiwald Pavel<br \/>\nPracha\u0159 Ale\u0161<br \/>\nBergerov\u00e1 Mark\u00e9ta<br \/>\nVa\u0148kov\u00e1 Lenka<br \/>\nPracha\u0159ov\u00e1 Petra<br \/>\nMagrlov\u00e1 Miroslava<br \/>\nMagrlov\u00e1 Petra<br \/>\nRa\u0161ka V\u00edt\u011bzslav<br \/>\nStoni\u0161ov\u00e1 Tereza<br \/>\nPe\u0161lov\u00e1 Lenka<br \/>\nGebauerov\u00e1 Dominika<br \/>\nKlime\u0161 Mat\u011bj<br \/>\nVan\u011bk Jakub<br \/>\nMaiwaldov\u00e1 Andrea<br \/>\nLes\u00e1k V\u00e1clav<br \/>\nRube\u0161ov\u00e1 Veronika<br \/>\nStankeov\u00e1 Petra<br \/>\nStanke Daniel<br \/>\nBenka Adam<br \/>\nGilligov\u00e1 Krist\u00fdna<br \/>\nSt\u0159\u00edlka Jakub<br \/>\nBure\u0161 Mat\u011bj<br \/>\nLes\u00e1kov\u00e1 Lenka<br \/>\nLhotsk\u00fd Filip<br \/>\nKlime\u0161ov\u00e1 Zuzana<br \/>\nJanda Zdenek<br \/>\nHru\u0161ka Luk\u00e1\u0161<br \/>\nVavrla \u0160imon<br \/>\nVavrlov\u00e1 Kate\u0159ina<br \/>\nHavlica Matyas<br \/>\nJandov\u00e1 Zuzana<br \/>\nMr\u016fzkov\u00e1 B\u00e1ra<br \/>\nGintar Maty\u00e1\u0161<br \/>\nSvoboda Samuel<br \/>\nBinarov\u00e1 B\u011bta<br \/>\nKoudelov\u00e1 Veronika<\/p>\n<p style=\"text-align: center;\">\n","protected":false},"excerpt":{"rendered":"<p>Starosta: Old\u0159ich Romfeld, M\u00edstostarosta: Koren\u00edk Ji\u0159\u00ed Velitel sboru: Bartusek Marek Pokladn\u00edk: Maiwald Pavel Vedouc\u00ed ml\u00e1de\u017ee: Chryczykov\u00e1 Anna V\u00fdbor SDH: Koren\u00edk Ji\u0159\u00ed, Magrla Petr, Andrea Maiwaldov\u00e1, Pavel Maiwald, Chryczykov\u00e1 Anna, Grygarov\u00e1 Vladim\u00edra, Svoboda Zden\u011bk, Stoni\u0161 Eduard, Stoni\u0161 Zden\u011bk Sedl\u00e1\u010dek Jan, \u0160tencek Adolf, Trojanov\u00e1 Michaela, Vavrla Martin \u010clenov\u00e9:\u00a0 Blaga Bohumil Bla\u0161\u010d\u00edk Franti\u0161ek Bla\u0161\u010d\u00edk Jarom\u00edr \u010cepila Vladim\u00edr Demele [&hellip;]<\/p>\n","protected":false},"author":3,"featured_media":0,"parent":97,"menu_order":0,"comment_status":"closed","ping_status":"closed","template":"","meta":{"footnotes":""},"_links":{"self":[{"href":"http:\/\/www.hasici.vavrovice.cz\/index.php?rest_route=\/wp\/v2\/pages\/18"}],"collection":[{"href":"http:\/\/www.hasici.vavrovice.cz\/index.php?rest_route=\/wp\/v2\/pages"}],"about":[{"href":"http:\/\/www.hasici.vavrovice.cz\/index.php?rest_route=\/wp\/v2\/types\/page"}],"author":[{"embeddable":true,"href":"http:\/\/www.hasici.vavrovice.cz\/index.php?rest_route=\/wp\/v2\/users\/3"}],"replies":[{"embeddable":true,"href":"http:\/\/www.hasici.vavrovice.cz\/index.php?rest_route=%2Fwp%2Fv2%2Fcomments&post=18"}],"version-history":[{"count":4,"href":"http:\/\/www.hasici.vavrovice.cz\/index.php?rest_route=\/wp\/v2\/pages\/18\/revisions"}],"predecessor-version":[{"id":2534,"href":"http:\/\/www.hasici.vavrovice.cz\/index.php?rest_route=\/wp\/v2\/pages\/18\/revisions\/2534"}],"up":[{"embeddable":true,"href":"http:\/\/www.hasici.vavrovice.cz\/index.php?rest_route=\/wp\/v2\/pages\/97"}],"wp:attachment":[{"href":"http:\/\/www.hasici.vavrovice.cz\/index.php?rest_route=%2Fwp%2Fv2%2Fmedia&parent=18"}],"curies":[{"name":"wp","href":"https:\/\/api.w.org\/{rel}","templated":true}]}}